{"id":2019,"date":"2026-01-26T16:08:38","date_gmt":"2026-01-26T16:08:38","guid":{"rendered":"https:\/\/shop.kosovotwopointzero.com\/?post_type=product&#038;p=2019"},"modified":"2026-01-26T16:09:30","modified_gmt":"2026-01-26T16:09:30","slug":"korrupsioni-serbisht","status":"publish","type":"product","link":"https:\/\/shop.kosovotwopointzero.com\/sq\/shop\/revistat-dhe-publikimet\/korrupsioni-serbisht\/","title":{"rendered":"KORRUPSIONI (Serbisht)"},"content":{"rendered":"","protected":false},"excerpt":{"rendered":"<p>P\u00ebrmes gazetaris\u00eb investigative dhe rr\u00ebfimeve personale, \u201cKorrupsioni\u201d shtjellon kostot njer\u00ebzore dhe shoq\u00ebrore t\u00eb nepotizmit, patronazhit dhe rrug\u00ebve t\u00eb shkurtra, duke shqyrtuar gjithashtu se si korrupsioni sistemik shtremb\u00ebron mund\u00ebsit\u00eb, p\u00ebrgjegj\u00ebsin\u00eb dhe jet\u00ebn qytetare. P\u00ebrtej titujve, ky num\u00ebr i Kosovo 2.0 analizon rrjetet, presionet dhe kontekstin historik q\u00eb mir\u00ebmbajn\u00eb korrupsionin, duke shtjelluar se si ky fenomen sistemik d\u00ebmton besimin e qytetar\u00ebve tek shteti dhe minon ndjenj\u00ebn e lidhjes dhe angazhimit t\u00eb tyre.<\/p>\n<p><strong>Kopertina:<\/strong> Paperback<br \/>\n<strong>Dimensionet:<\/strong> 30 x 23 cm<br \/>\n<strong>Viti:<\/strong> 2011\/2012<br \/>\n<strong>Gjuha:<\/strong> Shqip, Anglisht, Serbisht<\/p>\n","protected":false},"featured_media":1907,"template":"","meta":{"_acf_changed":false},"product_brand":[],"product_cat":[43],"product_tag":[],"class_list":{"0":"post-2019","1":"product","2":"type-product","3":"status-publish","4":"has-post-thumbnail","6":"product_cat-revistat-dhe-publikimet","8":"first","9":"instock","10":"shipping-taxable","11":"purchasable","12":"product-type-simple"},"acf":[],"_links":{"self":[{"href":"https:\/\/shop.kosovotwopointzero.com\/sq\/wp-json\/wp\/v2\/product\/2019","targetHints":{"allow":["GET"]}}],"collection":[{"href":"https:\/\/shop.kosovotwopointzero.com\/sq\/wp-json\/wp\/v2\/product"}],"about":[{"href":"https:\/\/shop.kosovotwopointzero.com\/sq\/wp-json\/wp\/v2\/types\/product"}],"wp:featuredmedia":[{"embeddable":true,"href":"https:\/\/shop.kosovotwopointzero.com\/sq\/wp-json\/wp\/v2\/media\/1907"}],"wp:attachment":[{"href":"https:\/\/shop.kosovotwopointzero.com\/sq\/wp-json\/wp\/v2\/media?parent=2019"}],"wp:term":[{"taxonomy":"product_brand","embeddable":true,"href":"https:\/\/shop.kosovotwopointzero.com\/sq\/wp-json\/wp\/v2\/product_brand?post=2019"},{"taxonomy":"product_cat","embeddable":true,"href":"https:\/\/shop.kosovotwopointzero.com\/sq\/wp-json\/wp\/v2\/product_cat?post=2019"},{"taxonomy":"product_tag","embeddable":true,"href":"https:\/\/shop.kosovotwopointzero.com\/sq\/wp-json\/wp\/v2\/product_tag?post=2019"}],"curies":[{"name":"wp","href":"https:\/\/api.w.org\/{rel}","templated":true}]}}