{"id":2018,"date":"2026-01-26T16:04:05","date_gmt":"2026-01-26T16:04:05","guid":{"rendered":"https:\/\/shop.kosovotwopointzero.com\/?post_type=product&#038;p=2018"},"modified":"2026-01-26T16:06:42","modified_gmt":"2026-01-26T16:06:42","slug":"shprese-serbisht","status":"publish","type":"product","link":"https:\/\/shop.kosovotwopointzero.com\/sq\/shop\/revistat-dhe-publikimet\/shprese-serbisht\/","title":{"rendered":"SHPRES\u00cb (Serbisht)"},"content":{"rendered":"","protected":false},"excerpt":{"rendered":"<p>Duke reflektuar mbi at\u00eb q\u00eb se \u00e7ka do t\u00eb thot\u00eb shpres\u00eb p\u00ebr Kosov\u00ebn dhe p\u00ebr vet\u00eb Kosovo 2.0, ky num\u00ebr trajton nj\u00eb dekad\u00eb t\u00eb re q\u00eb ka ardhur pas pandemis\u00eb COVID-19. Duke shtjelluar se si shpresa nd\u00ebrthuret me zem\u00ebrimin, rezistenc\u00ebn dhe k\u00ebrkes\u00ebn p\u00ebr ndryshim, ky num\u00ebr i Kosovo 2.0 \u00ebsht\u00eb thirrje urgjente p\u00ebr veprim ndaj shkat\u00ebrrimit mjedisor, rritjes s\u00eb ekstremit t\u00eb djatht\u00eb, pabarazis\u00eb ekonomike dhe padrejt\u00ebsis\u00eb sociale. N\u00eb t\u00eb nj\u00ebjt\u00ebn koh\u00eb, \u201cShpres\u00eb\u201d ofron hap\u00ebsir\u00eb p\u00ebr diskurs feminist, shprehje kulturore, solidaritet dhe t\u00eb ardhme alternative.<\/p>\n<p><strong>Viti:<\/strong> 2020<br \/>\n<strong>Kopertina:<\/strong> Paperback<br \/>\n<strong>Dimensionet:<\/strong> 30 x 23 cm<br \/>\n<strong>Gjuha:<\/strong> Shqip, Anglisht, Serbisht<\/p>\n","protected":false},"featured_media":1898,"template":"","meta":{"_acf_changed":false},"product_brand":[],"product_cat":[43],"product_tag":[],"class_list":{"0":"post-2018","1":"product","2":"type-product","3":"status-publish","4":"has-post-thumbnail","6":"product_cat-revistat-dhe-publikimet","8":"first","9":"instock","10":"shipping-taxable","11":"purchasable","12":"product-type-simple"},"acf":[],"_links":{"self":[{"href":"https:\/\/shop.kosovotwopointzero.com\/sq\/wp-json\/wp\/v2\/product\/2018","targetHints":{"allow":["GET"]}}],"collection":[{"href":"https:\/\/shop.kosovotwopointzero.com\/sq\/wp-json\/wp\/v2\/product"}],"about":[{"href":"https:\/\/shop.kosovotwopointzero.com\/sq\/wp-json\/wp\/v2\/types\/product"}],"wp:featuredmedia":[{"embeddable":true,"href":"https:\/\/shop.kosovotwopointzero.com\/sq\/wp-json\/wp\/v2\/media\/1898"}],"wp:attachment":[{"href":"https:\/\/shop.kosovotwopointzero.com\/sq\/wp-json\/wp\/v2\/media?parent=2018"}],"wp:term":[{"taxonomy":"product_brand","embeddable":true,"href":"https:\/\/shop.kosovotwopointzero.com\/sq\/wp-json\/wp\/v2\/product_brand?post=2018"},{"taxonomy":"product_cat","embeddable":true,"href":"https:\/\/shop.kosovotwopointzero.com\/sq\/wp-json\/wp\/v2\/product_cat?post=2018"},{"taxonomy":"product_tag","embeddable":true,"href":"https:\/\/shop.kosovotwopointzero.com\/sq\/wp-json\/wp\/v2\/product_tag?post=2018"}],"curies":[{"name":"wp","href":"https:\/\/api.w.org\/{rel}","templated":true}]}}