{"id":2015,"date":"2026-01-26T15:51:49","date_gmt":"2026-01-26T15:51:49","guid":{"rendered":"https:\/\/shop.kosovotwopointzero.com\/?post_type=product&#038;p=2015"},"modified":"2026-01-26T15:54:53","modified_gmt":"2026-01-26T15:54:53","slug":"ambienti-serbisht","status":"publish","type":"product","link":"https:\/\/shop.kosovotwopointzero.com\/sq\/shop\/revistat-dhe-publikimet\/ambienti-serbisht\/","title":{"rendered":"AMBIENTI (Serbisht)"},"content":{"rendered":"","protected":false},"excerpt":{"rendered":"<p>Ambienti (n\u00eb anglisht: Green) sfidon kriz\u00ebn e thell\u00eb mjedisore me t\u00eb cil\u00ebn p\u00ebrballet Kosova. Ky num\u00ebr trajton ndotjen e ajrit dhe ujit, prodhimin e tepruar t\u00eb mbeturinave, shpyll\u00ebzimin dhe lumenjt\u00eb e kontaminuar. \u201cGreen\u201d gjithashtu shtjellon rreziqet sh\u00ebndet\u00ebsore q\u00eb komunitetet p\u00ebrballen nga aktivitetet industriale dhe centralet elektrike. Ky num\u00ebr nd\u00ebrthur gazetarin\u00eb investiguese me analiz\u00ebn e menaxhimit t\u00eb mbeturinave, pengesat ligjore dhe sociale, dhe zgjidhjet qytetare dhe politike p\u00ebr t\u00eb argumentuar se mbrojtja e mjedisit \u00ebsht\u00eb qen\u00ebsore p\u00ebr nj\u00eb t\u00eb ardhme m\u00eb t\u00eb sh\u00ebndetshme.<\/p>\n<p><strong>Viti:<\/strong> 2015<br \/>\n<strong>Kopertina:<\/strong> Paperback<br \/>\n<strong>Dimensionet:<\/strong> 30 x 23 cm<br \/>\n<strong>Gjuha:<\/strong> Shqip, Anglisht, Serbisht<\/p>\n","protected":false},"featured_media":1903,"template":"","meta":{"_acf_changed":false},"product_brand":[],"product_cat":[43],"product_tag":[],"class_list":{"0":"post-2015","1":"product","2":"type-product","3":"status-publish","4":"has-post-thumbnail","6":"product_cat-revistat-dhe-publikimet","8":"first","9":"instock","10":"shipping-taxable","11":"purchasable","12":"product-type-simple"},"acf":[],"_links":{"self":[{"href":"https:\/\/shop.kosovotwopointzero.com\/sq\/wp-json\/wp\/v2\/product\/2015","targetHints":{"allow":["GET"]}}],"collection":[{"href":"https:\/\/shop.kosovotwopointzero.com\/sq\/wp-json\/wp\/v2\/product"}],"about":[{"href":"https:\/\/shop.kosovotwopointzero.com\/sq\/wp-json\/wp\/v2\/types\/product"}],"wp:featuredmedia":[{"embeddable":true,"href":"https:\/\/shop.kosovotwopointzero.com\/sq\/wp-json\/wp\/v2\/media\/1903"}],"wp:attachment":[{"href":"https:\/\/shop.kosovotwopointzero.com\/sq\/wp-json\/wp\/v2\/media?parent=2015"}],"wp:term":[{"taxonomy":"product_brand","embeddable":true,"href":"https:\/\/shop.kosovotwopointzero.com\/sq\/wp-json\/wp\/v2\/product_brand?post=2015"},{"taxonomy":"product_cat","embeddable":true,"href":"https:\/\/shop.kosovotwopointzero.com\/sq\/wp-json\/wp\/v2\/product_cat?post=2015"},{"taxonomy":"product_tag","embeddable":true,"href":"https:\/\/shop.kosovotwopointzero.com\/sq\/wp-json\/wp\/v2\/product_tag?post=2015"}],"curies":[{"name":"wp","href":"https:\/\/api.w.org\/{rel}","templated":true}]}}