{"id":1987,"date":"2025-10-06T08:50:27","date_gmt":"2025-10-06T08:50:27","guid":{"rendered":"https:\/\/shop.kosovotwopointzero.com\/shop\/uncategorized\/k2-0\/"},"modified":"2026-02-04T14:07:41","modified_gmt":"2026-02-04T14:07:41","slug":"k2-0","status":"publish","type":"product","link":"https:\/\/shop.kosovotwopointzero.com\/sq\/shop\/te-reja-ne-stok\/k2-0\/","title":{"rendered":"Bluz\u00eb &#8220;K2.0&#8221;"},"content":{"rendered":"","protected":false},"excerpt":{"rendered":"<p>Bluz\u00eb e Kosovo 2.0 e punuar me nj\u00eb dizajn origjinal. E dizajnuar p\u00ebr p\u00ebrditshm\u00ebri dhe rehati.<\/p>\n<p><strong>Materiali: <\/strong>100% pambuk.<\/p>\n","protected":false},"featured_media":1988,"template":"","meta":{"_acf_changed":false},"product_brand":[],"product_cat":[35,41],"product_tag":[],"class_list":{"0":"post-1987","1":"product","2":"type-product","3":"status-publish","4":"has-post-thumbnail","6":"product_cat-te-reja-ne-stok","7":"product_cat-veshje-aksesore","9":"first","10":"instock","11":"shipping-taxable","12":"purchasable","13":"product-type-variable"},"acf":[],"_links":{"self":[{"href":"https:\/\/shop.kosovotwopointzero.com\/sq\/wp-json\/wp\/v2\/product\/1987","targetHints":{"allow":["GET"]}}],"collection":[{"href":"https:\/\/shop.kosovotwopointzero.com\/sq\/wp-json\/wp\/v2\/product"}],"about":[{"href":"https:\/\/shop.kosovotwopointzero.com\/sq\/wp-json\/wp\/v2\/types\/product"}],"wp:featuredmedia":[{"embeddable":true,"href":"https:\/\/shop.kosovotwopointzero.com\/sq\/wp-json\/wp\/v2\/media\/1988"}],"wp:attachment":[{"href":"https:\/\/shop.kosovotwopointzero.com\/sq\/wp-json\/wp\/v2\/media?parent=1987"}],"wp:term":[{"taxonomy":"product_brand","embeddable":true,"href":"https:\/\/shop.kosovotwopointzero.com\/sq\/wp-json\/wp\/v2\/product_brand?post=1987"},{"taxonomy":"product_cat","embeddable":true,"href":"https:\/\/shop.kosovotwopointzero.com\/sq\/wp-json\/wp\/v2\/product_cat?post=1987"},{"taxonomy":"product_tag","embeddable":true,"href":"https:\/\/shop.kosovotwopointzero.com\/sq\/wp-json\/wp\/v2\/product_tag?post=1987"}],"curies":[{"name":"wp","href":"https:\/\/api.w.org\/{rel}","templated":true}]}}