{"id":1954,"date":"2025-10-06T08:50:30","date_gmt":"2025-10-06T08:50:30","guid":{"rendered":"https:\/\/shop.kosovotwopointzero.com\/shop\/uncategorized\/potpuri-gazeta-03-04-25\/"},"modified":"2026-01-23T14:34:59","modified_gmt":"2026-01-23T14:34:59","slug":"potpuri-gazeta-03-04-25","status":"publish","type":"product","link":"https:\/\/shop.kosovotwopointzero.com\/sq\/shop\/me-shume-publikime\/potpuri-gazeta-03-04-25\/","title":{"rendered":"Potpuri Gazeta 03 04\/25"},"content":{"rendered":"","protected":false},"excerpt":{"rendered":"<p>\u201cPotpuri\u201d \u00ebsht\u00eb nj\u00eb platform\u00eb botuese e pavarur dhe nj\u00eb nism\u00eb bashk\u00ebpunuese q\u00eb i dedikohet z\u00ebrave q\u00eb shpesh p\u00ebrjashtohen nga mediat komerciale. Puna e saj p\u00ebrqendrohet n\u00eb zhvillimin e metodologjive kolektive n\u00eb botim, ve\u00e7an\u00ebrisht p\u00ebrmes prodhimit t\u00eb gazetave fizike. \u201cPotpuri\u201d ka vendndodhjen n\u00eb Zvic\u00ebr dhe Kosov\u00eb dhe publikon \u00e7do vit gazet\u00ebn e saj t\u00eb pavarur tri gjuh\u00ebshe, n\u00eb gjermanisht, shqip dhe anglisht, duke sh\u00ebrbyer si mjet p\u00ebr nd\u00ebrtimin e komunitetit, shk\u00ebmbimin kulturor, reflektimin dhe diversifikimin e peizazhit medial. Ky \u00ebsht\u00eb botimi i tret\u00eb i gazet\u00ebs s\u00eb tyre.<\/p>\n<p><strong>Dimensionet:<\/strong> 42 cm<br \/>\n<strong>Faqet:<\/strong> 40<br \/>\n<strong>Gjuha:<\/strong> Botim i p\u00ebrbashk\u00ebt n\u00eb shqip, anglisht dhe gjermanisht<\/p>\n","protected":false},"featured_media":1956,"template":"","meta":{"_acf_changed":false},"product_brand":[],"product_cat":[61],"product_tag":[],"class_list":{"0":"post-1954","1":"product","2":"type-product","3":"status-publish","4":"has-post-thumbnail","6":"product_cat-me-shume-publikime","8":"first","9":"instock","10":"shipping-taxable","11":"purchasable","12":"product-type-simple"},"acf":[],"_links":{"self":[{"href":"https:\/\/shop.kosovotwopointzero.com\/sq\/wp-json\/wp\/v2\/product\/1954","targetHints":{"allow":["GET"]}}],"collection":[{"href":"https:\/\/shop.kosovotwopointzero.com\/sq\/wp-json\/wp\/v2\/product"}],"about":[{"href":"https:\/\/shop.kosovotwopointzero.com\/sq\/wp-json\/wp\/v2\/types\/product"}],"wp:featuredmedia":[{"embeddable":true,"href":"https:\/\/shop.kosovotwopointzero.com\/sq\/wp-json\/wp\/v2\/media\/1956"}],"wp:attachment":[{"href":"https:\/\/shop.kosovotwopointzero.com\/sq\/wp-json\/wp\/v2\/media?parent=1954"}],"wp:term":[{"taxonomy":"product_brand","embeddable":true,"href":"https:\/\/shop.kosovotwopointzero.com\/sq\/wp-json\/wp\/v2\/product_brand?post=1954"},{"taxonomy":"product_cat","embeddable":true,"href":"https:\/\/shop.kosovotwopointzero.com\/sq\/wp-json\/wp\/v2\/product_cat?post=1954"},{"taxonomy":"product_tag","embeddable":true,"href":"https:\/\/shop.kosovotwopointzero.com\/sq\/wp-json\/wp\/v2\/product_tag?post=1954"}],"curies":[{"name":"wp","href":"https:\/\/api.w.org\/{rel}","templated":true}]}}