{"id":1922,"date":"2026-01-23T13:35:59","date_gmt":"2026-01-23T13:35:59","guid":{"rendered":"https:\/\/shop.kosovotwopointzero.com\/?post_type=product&#038;p=1922"},"modified":"2026-01-23T13:37:23","modified_gmt":"2026-01-23T13:37:23","slug":"trans-ne-kosove","status":"publish","type":"product","link":"https:\/\/shop.kosovotwopointzero.com\/sq\/shop\/me-shume-publikime\/lgbtqi\/trans-ne-kosove\/","title":{"rendered":"Trans n\u00eb Kosov\u00eb"},"content":{"rendered":"","protected":false},"excerpt":{"rendered":"<p>N\u00eb \u201cTrans n\u00eb Kosov\u00eb: Nj\u00eb histori e pa kryer\u201d, Lura Limani rr\u00ebfen historin\u00eb e Misin Krasniqit, rasti i par\u00eb i dokumentuar i tranzicionit gjinor n\u00eb mediat kosovare (1978). Libri paraqet nj\u00eb historiografi t\u00eb personave LGBTIQ+ n\u00eb Kosov\u00eb dhe rajon, duke synuar t\u2019i korrigjoj\u00eb padrejt\u00ebsin\u00eb epistemike t\u00eb mos-njohjes. Limani analizon gjithashtu rishifaqjen e narrativave transgjinore n\u00eb Kosov\u00eb pas daljes publike t\u00eb aktivist\u00ebve Lend Mustafa dhe Blert Morina n\u00eb 2016 dhe 2017 dhe shtjellon se si k\u00ebto ngjarje kan\u00eb ndikuar n\u00eb metodat dhe fokusin e avokimit LGBTIQ+.<\/p>\n<p><strong>Viti:<\/strong> 2023<br \/>\n<strong>Kopertina:<\/strong> Paperback<br \/>\n<strong>Faqet:<\/strong> 67<br \/>\n<strong>Dimensionet:<\/strong> 23.5 x 15.5 cm<br \/>\n<strong>ISBN:<\/strong> 978-9951-9151-0-6<br \/>\n<strong>Botuesi:<\/strong> Lirindja, Dylberizm<br \/>\n<strong>Gjuha:<\/strong>\u00a0Shqip<\/p>\n","protected":false},"featured_media":1923,"template":"","meta":{"_acf_changed":false},"product_brand":[],"product_cat":[70,61],"product_tag":[],"class_list":{"0":"post-1922","1":"product","2":"type-product","3":"status-publish","4":"has-post-thumbnail","6":"product_cat-lgbtqi","7":"product_cat-me-shume-publikime","9":"first","10":"instock","11":"shipping-taxable","12":"purchasable","13":"product-type-simple"},"acf":[],"_links":{"self":[{"href":"https:\/\/shop.kosovotwopointzero.com\/sq\/wp-json\/wp\/v2\/product\/1922","targetHints":{"allow":["GET"]}}],"collection":[{"href":"https:\/\/shop.kosovotwopointzero.com\/sq\/wp-json\/wp\/v2\/product"}],"about":[{"href":"https:\/\/shop.kosovotwopointzero.com\/sq\/wp-json\/wp\/v2\/types\/product"}],"wp:featuredmedia":[{"embeddable":true,"href":"https:\/\/shop.kosovotwopointzero.com\/sq\/wp-json\/wp\/v2\/media\/1923"}],"wp:attachment":[{"href":"https:\/\/shop.kosovotwopointzero.com\/sq\/wp-json\/wp\/v2\/media?parent=1922"}],"wp:term":[{"taxonomy":"product_brand","embeddable":true,"href":"https:\/\/shop.kosovotwopointzero.com\/sq\/wp-json\/wp\/v2\/product_brand?post=1922"},{"taxonomy":"product_cat","embeddable":true,"href":"https:\/\/shop.kosovotwopointzero.com\/sq\/wp-json\/wp\/v2\/product_cat?post=1922"},{"taxonomy":"product_tag","embeddable":true,"href":"https:\/\/shop.kosovotwopointzero.com\/sq\/wp-json\/wp\/v2\/product_tag?post=1922"}],"curies":[{"name":"wp","href":"https:\/\/api.w.org\/{rel}","templated":true}]}}