{"id":1915,"date":"2026-01-23T13:14:37","date_gmt":"2026-01-23T13:14:37","guid":{"rendered":"https:\/\/shop.kosovotwopointzero.com\/?post_type=product&#038;p=1915"},"modified":"2026-01-23T13:14:38","modified_gmt":"2026-01-23T13:14:38","slug":"te-90-at","status":"publish","type":"product","link":"https:\/\/shop.kosovotwopointzero.com\/sq\/shop\/revistat-dhe-publikimet\/te-90-at\/","title":{"rendered":"T\u00cb \u201890-AT"},"content":{"rendered":"","protected":false},"excerpt":{"rendered":"<p>Ky num\u00ebr i Kosovo 2.0 i rikthehet dekad\u00ebs s\u00eb shtypjes, segregimit, sistemit paralel, rezistenc\u00ebs dhe luft\u00ebs, jo vet\u00ebm p\u00ebrmes ngjarjeve kryesore, por edhe p\u00ebrmes jet\u00ebs s\u00eb p\u00ebrditshme: sht\u00ebpive shkolla, rrjeteve t\u00eb solidaritetit dhe aktivizmit. Numri \u201cT\u00eb \u201890-at cop\u00eb-cop\u00eb\u201d rikthen rr\u00ebfime shpesh t\u00eb fshira ose t\u00eb shp\u00ebrfillura, nga aktivizmi i grave dhe protestat studentore, tek rr\u00ebfimet e zhvendosjes me forc\u00eb dhe rezistenc\u00ebs, p\u00ebr ta kuptuar m\u00eb mir\u00eb se si kjo dekad\u00eb ka form\u00ebsuar identitetin dhe kujtes\u00ebn bashk\u00ebkohore n\u00eb Kosov\u00eb.<\/p>\n<p><strong>Viti:<\/strong> 2016<br \/>\n<strong>Kopertina:<\/strong> Paperback<br \/>\n<strong>Dimensionet:<\/strong> 30 x 23 cm<br \/>\n<strong>Gjuha:<\/strong> Albanian, English<\/p>\n","protected":false},"featured_media":1916,"template":"","meta":{"_acf_changed":false},"product_brand":[],"product_cat":[43],"product_tag":[],"class_list":{"0":"post-1915","1":"product","2":"type-product","3":"status-publish","4":"has-post-thumbnail","6":"product_cat-revistat-dhe-publikimet","8":"first","9":"instock","10":"shipping-taxable","11":"purchasable","12":"product-type-simple"},"acf":[],"_links":{"self":[{"href":"https:\/\/shop.kosovotwopointzero.com\/sq\/wp-json\/wp\/v2\/product\/1915","targetHints":{"allow":["GET"]}}],"collection":[{"href":"https:\/\/shop.kosovotwopointzero.com\/sq\/wp-json\/wp\/v2\/product"}],"about":[{"href":"https:\/\/shop.kosovotwopointzero.com\/sq\/wp-json\/wp\/v2\/types\/product"}],"wp:featuredmedia":[{"embeddable":true,"href":"https:\/\/shop.kosovotwopointzero.com\/sq\/wp-json\/wp\/v2\/media\/1916"}],"wp:attachment":[{"href":"https:\/\/shop.kosovotwopointzero.com\/sq\/wp-json\/wp\/v2\/media?parent=1915"}],"wp:term":[{"taxonomy":"product_brand","embeddable":true,"href":"https:\/\/shop.kosovotwopointzero.com\/sq\/wp-json\/wp\/v2\/product_brand?post=1915"},{"taxonomy":"product_cat","embeddable":true,"href":"https:\/\/shop.kosovotwopointzero.com\/sq\/wp-json\/wp\/v2\/product_cat?post=1915"},{"taxonomy":"product_tag","embeddable":true,"href":"https:\/\/shop.kosovotwopointzero.com\/sq\/wp-json\/wp\/v2\/product_tag?post=1915"}],"curies":[{"name":"wp","href":"https:\/\/api.w.org\/{rel}","templated":true}]}}