{"id":1892,"date":"2026-01-23T12:57:36","date_gmt":"2026-01-23T12:57:36","guid":{"rendered":"https:\/\/shop.kosovotwopointzero.com\/?post_type=product&#038;p=1892"},"modified":"2026-01-23T12:57:36","modified_gmt":"2026-01-23T12:57:36","slug":"imazh","status":"publish","type":"product","link":"https:\/\/shop.kosovotwopointzero.com\/sq\/shop\/revistat-dhe-publikimet\/imazh\/","title":{"rendered":"IMAZH"},"content":{"rendered":"","protected":false},"excerpt":{"rendered":"<p>Numri i par\u00eb i revist\u00ebs s\u00eb Kosovo 2.0, \u201cImazh\u201d, shtjellon kontekstin e Kosov\u00ebs s\u00eb pavarur pas vitit 2008 \u2013 nj\u00eb periudh\u00eb e karakterizuar nga simbole si NEWBORN \u2013 q\u00eb p\u00ebrmbajn\u00eb premtimin dhe presionin p\u00ebr ta form\u00ebsuar nj\u00eb imazh komb\u00ebtar. P\u00ebrtej analiz\u00ebs sip\u00ebrfaq\u00ebsore, ky num\u00ebr shqyrton se si perceptimet nd\u00ebrkomb\u00ebtare dhe vet\u00eb p\u00ebrfaq\u00ebsimet lokale kan\u00eb thjeshtuar, shtremb\u00ebruar ose shp\u00ebrfillur nd\u00ebrlikueshm\u00ebrin\u00eb e identitetit kolektiv. P\u00ebrmes nj\u00eb p\u00ebrzierjeje kritike dhe festimi, \u201cImage\u201d krijon baz\u00ebn p\u00ebr nj\u00eb revist\u00eb t\u00eb p\u00ebrkushtuar ndaj rr\u00ebfimtaris\u00eb t\u00eb menduar dhe t\u00eb nuancuar.<\/p>\n<p><strong>Kopertina:<\/strong> Paperback<br \/>\n<strong>Dimensionet:<\/strong> 30 x 23 cm<br \/>\n<strong>Viti:<\/strong> 2011<br \/>\n<strong>Gjuha:<\/strong> Shqip &amp; Anglisht<\/p>\n","protected":false},"featured_media":1893,"template":"","meta":{"_acf_changed":false},"product_brand":[],"product_cat":[43],"product_tag":[],"class_list":{"0":"post-1892","1":"product","2":"type-product","3":"status-publish","4":"has-post-thumbnail","6":"product_cat-revistat-dhe-publikimet","8":"first","9":"instock","10":"shipping-taxable","11":"purchasable","12":"product-type-simple"},"acf":[],"_links":{"self":[{"href":"https:\/\/shop.kosovotwopointzero.com\/sq\/wp-json\/wp\/v2\/product\/1892","targetHints":{"allow":["GET"]}}],"collection":[{"href":"https:\/\/shop.kosovotwopointzero.com\/sq\/wp-json\/wp\/v2\/product"}],"about":[{"href":"https:\/\/shop.kosovotwopointzero.com\/sq\/wp-json\/wp\/v2\/types\/product"}],"wp:featuredmedia":[{"embeddable":true,"href":"https:\/\/shop.kosovotwopointzero.com\/sq\/wp-json\/wp\/v2\/media\/1893"}],"wp:attachment":[{"href":"https:\/\/shop.kosovotwopointzero.com\/sq\/wp-json\/wp\/v2\/media?parent=1892"}],"wp:term":[{"taxonomy":"product_brand","embeddable":true,"href":"https:\/\/shop.kosovotwopointzero.com\/sq\/wp-json\/wp\/v2\/product_brand?post=1892"},{"taxonomy":"product_cat","embeddable":true,"href":"https:\/\/shop.kosovotwopointzero.com\/sq\/wp-json\/wp\/v2\/product_cat?post=1892"},{"taxonomy":"product_tag","embeddable":true,"href":"https:\/\/shop.kosovotwopointzero.com\/sq\/wp-json\/wp\/v2\/product_tag?post=1892"}],"curies":[{"name":"wp","href":"https:\/\/api.w.org\/{rel}","templated":true}]}}