{"id":1884,"date":"2026-01-23T12:48:30","date_gmt":"2026-01-23T12:48:30","guid":{"rendered":"https:\/\/shop.kosovotwopointzero.com\/?post_type=product&#038;p=1884"},"modified":"2026-01-23T12:48:31","modified_gmt":"2026-01-23T12:48:31","slug":"hapesira-publike","status":"publish","type":"product","link":"https:\/\/shop.kosovotwopointzero.com\/sq\/shop\/revistat-dhe-publikimet\/hapesira-publike\/","title":{"rendered":"HAP\u00cbSIRA PUBLIKE"},"content":{"rendered":"","protected":false},"excerpt":{"rendered":"<p>Numri \u201cHap\u00ebsira Publike\u201d shqyrton se si hap\u00ebsirat fizike dhe simbolike q\u00eb ne banojm\u00eb, si rrug\u00ebt, sheshet, nd\u00ebrtesat, memorialet, e form\u00ebsojn\u00eb jet\u00ebn shoq\u00ebrore, identitetin dhe pushtetin. Ky num\u00ebr i Kosovo 2.0 analizon m\u00ebnyr\u00ebn se si njer\u00ebzit n\u00eb gjith\u00eb Kosov\u00ebn dhe p\u00ebrtej saj p\u00ebrpiqen t\u2019i rimarrin, transformojn\u00eb dhe rind\u00ebrtojn\u00eb hap\u00ebsirat publike. Revista trajton pyetjen se kush \u201cka me t\u00eb v\u00ebrtet pron\u00ebsi\u201d mbi qytetin dhe kush ka autoritetin p\u00ebr ta p\u00ebrcaktuar kujtes\u00ebn dhe t\u00eb ardhmen e tij, duke shtjelluar nj\u00eb peizazh t\u00eb mbushur me memoriale t\u00eb periudh\u00ebs s\u00eb luft\u00ebs, rind\u00ebrtim urban, nd\u00ebrtesa t\u00eb braktisura, art rrugor dhe shum\u00eb m\u00eb tep\u00ebr.<\/p>\n<p><strong>Viti:<\/strong> 2011\/2012<br \/>\n<strong>Kopertina:<\/strong> Paperback<br \/>\n<strong>Dimensionet:<\/strong> 30 x 23 cm<br \/>\n<strong>Gjuha:<\/strong> Albanian, English<\/p>\n","protected":false},"featured_media":1885,"template":"","meta":{"_acf_changed":false},"product_brand":[],"product_cat":[43],"product_tag":[],"class_list":{"0":"post-1884","1":"product","2":"type-product","3":"status-publish","4":"has-post-thumbnail","6":"product_cat-revistat-dhe-publikimet","8":"first","9":"instock","10":"shipping-taxable","11":"purchasable","12":"product-type-simple"},"acf":[],"_links":{"self":[{"href":"https:\/\/shop.kosovotwopointzero.com\/sq\/wp-json\/wp\/v2\/product\/1884","targetHints":{"allow":["GET"]}}],"collection":[{"href":"https:\/\/shop.kosovotwopointzero.com\/sq\/wp-json\/wp\/v2\/product"}],"about":[{"href":"https:\/\/shop.kosovotwopointzero.com\/sq\/wp-json\/wp\/v2\/types\/product"}],"wp:featuredmedia":[{"embeddable":true,"href":"https:\/\/shop.kosovotwopointzero.com\/sq\/wp-json\/wp\/v2\/media\/1885"}],"wp:attachment":[{"href":"https:\/\/shop.kosovotwopointzero.com\/sq\/wp-json\/wp\/v2\/media?parent=1884"}],"wp:term":[{"taxonomy":"product_brand","embeddable":true,"href":"https:\/\/shop.kosovotwopointzero.com\/sq\/wp-json\/wp\/v2\/product_brand?post=1884"},{"taxonomy":"product_cat","embeddable":true,"href":"https:\/\/shop.kosovotwopointzero.com\/sq\/wp-json\/wp\/v2\/product_cat?post=1884"},{"taxonomy":"product_tag","embeddable":true,"href":"https:\/\/shop.kosovotwopointzero.com\/sq\/wp-json\/wp\/v2\/product_tag?post=1884"}],"curies":[{"name":"wp","href":"https:\/\/api.w.org\/{rel}","templated":true}]}}