{"id":1876,"date":"2026-01-23T12:42:18","date_gmt":"2026-01-23T12:42:18","guid":{"rendered":"https:\/\/shop.kosovotwopointzero.com\/?post_type=product&#038;p=1876"},"modified":"2026-01-23T12:42:18","modified_gmt":"2026-01-23T12:42:18","slug":"seksi","status":"publish","type":"product","link":"https:\/\/shop.kosovotwopointzero.com\/sq\/shop\/revistat-dhe-publikimet\/seksi\/","title":{"rendered":"SEKSI"},"content":{"rendered":"","protected":false},"excerpt":{"rendered":"<p>Duke analizuar se si seksi dhe seksualiteti jan\u00eb thell\u00ebsisht politik\u00eb, ky num\u00ebr i Kosovo 2.0 shqyrton m\u00ebnyr\u00ebn se si trupat kontrollohen dhe rregullohen dhe se si normat patriarkale dhe heteroseksualiteti kufizojn\u00eb lirin\u00eb personale, idet\u00eb p\u00ebr gjinin\u00eb dhe identitetin. \u201cSeksi\u201d nd\u00ebrthur analiz\u00ebn dhe d\u00ebshmit\u00eb personale q\u00eb mbulojn\u00eb narrativat LGBTQ+, interseksualitetin dhe pun\u00ebn e seksit, duke reflektuar gjithashtu rreth stigm\u00ebs, homofobis\u00eb dhe kufizimeve ligjore e shoq\u00ebrore q\u00eb pengojn\u00eb lirit\u00eb seksuale dhe gjinore n\u00eb Kosov\u00eb dhe rajon.<\/p>\n<p><strong>Viti:<\/strong> 2012\/2013<br \/>\n<strong>Kopertina:<\/strong> Paperback<br \/>\n<strong>Dimensionet:<\/strong> 30 x 23 cm<br \/>\n<strong>Gjuha:<\/strong> Albanian, English<\/p>\n","protected":false},"featured_media":1879,"template":"","meta":{"_acf_changed":false},"product_brand":[],"product_cat":[43],"product_tag":[],"class_list":{"0":"post-1876","1":"product","2":"type-product","3":"status-publish","4":"has-post-thumbnail","6":"product_cat-revistat-dhe-publikimet","8":"first","9":"instock","10":"shipping-taxable","11":"purchasable","12":"product-type-simple"},"acf":[],"_links":{"self":[{"href":"https:\/\/shop.kosovotwopointzero.com\/sq\/wp-json\/wp\/v2\/product\/1876","targetHints":{"allow":["GET"]}}],"collection":[{"href":"https:\/\/shop.kosovotwopointzero.com\/sq\/wp-json\/wp\/v2\/product"}],"about":[{"href":"https:\/\/shop.kosovotwopointzero.com\/sq\/wp-json\/wp\/v2\/types\/product"}],"wp:featuredmedia":[{"embeddable":true,"href":"https:\/\/shop.kosovotwopointzero.com\/sq\/wp-json\/wp\/v2\/media\/1879"}],"wp:attachment":[{"href":"https:\/\/shop.kosovotwopointzero.com\/sq\/wp-json\/wp\/v2\/media?parent=1876"}],"wp:term":[{"taxonomy":"product_brand","embeddable":true,"href":"https:\/\/shop.kosovotwopointzero.com\/sq\/wp-json\/wp\/v2\/product_brand?post=1876"},{"taxonomy":"product_cat","embeddable":true,"href":"https:\/\/shop.kosovotwopointzero.com\/sq\/wp-json\/wp\/v2\/product_cat?post=1876"},{"taxonomy":"product_tag","embeddable":true,"href":"https:\/\/shop.kosovotwopointzero.com\/sq\/wp-json\/wp\/v2\/product_tag?post=1876"}],"curies":[{"name":"wp","href":"https:\/\/api.w.org\/{rel}","templated":true}]}}