{"id":1872,"date":"2026-01-23T12:38:23","date_gmt":"2026-01-23T12:38:23","guid":{"rendered":"https:\/\/shop.kosovotwopointzero.com\/?post_type=product&#038;p=1872"},"modified":"2026-01-23T12:39:02","modified_gmt":"2026-01-23T12:39:02","slug":"sporti","status":"publish","type":"product","link":"https:\/\/shop.kosovotwopointzero.com\/sq\/shop\/revistat-dhe-publikimet\/sporti\/","title":{"rendered":"SPORTI"},"content":{"rendered":"","protected":false},"excerpt":{"rendered":"<p>Ky num\u00ebr i Kosovo 2.0 shqyrton se si, pavar\u00ebsisht infrastruktur\u00ebs, financimit dhe mb\u00ebshtetjes s\u00eb kufizuar nga shteti, sporti ka form\u00ebsuar identitetin komb\u00ebtar n\u00eb p\u00ebrpjekjen e Kosov\u00ebs p\u00ebr t\u2019u njohur. Shtjelluar n\u00eb kontekstin e pabarazis\u00eb dhe nacionalizmit, ky num\u00ebr shp\u00ebrfaq aft\u00ebsin\u00eb e sportit p\u00ebr t\u2019i b\u00ebr\u00eb bashk\u00eb komunitetet dhe p\u00ebr t\u2019i zbuluar ndasit\u00eb. \u201cSporti\u201d u prodhua me mb\u00ebshtetjen e fushat\u00ebs s\u00eb mbledhjes s\u00eb fondeve, \u201cKosovo Wants To Play\u201d, (n\u00eb shqip: Kosova d\u00ebshiron t\u00eb luaj\u00eb).<\/p>\n<p><strong>Viti:<\/strong> 2015<br \/>\n<strong>Kopertina:<\/strong> Paperback<br \/>\n<strong>Dimensionet:<\/strong> 30 x 23 cm<br \/>\n<strong>Gjuha:<\/strong> Albanian, English<\/p>\n","protected":false},"featured_media":1874,"template":"","meta":{"_acf_changed":false},"product_brand":[],"product_cat":[43],"product_tag":[],"class_list":{"0":"post-1872","1":"product","2":"type-product","3":"status-publish","4":"has-post-thumbnail","6":"product_cat-revistat-dhe-publikimet","8":"first","9":"instock","10":"shipping-taxable","11":"purchasable","12":"product-type-simple"},"acf":[],"_links":{"self":[{"href":"https:\/\/shop.kosovotwopointzero.com\/sq\/wp-json\/wp\/v2\/product\/1872","targetHints":{"allow":["GET"]}}],"collection":[{"href":"https:\/\/shop.kosovotwopointzero.com\/sq\/wp-json\/wp\/v2\/product"}],"about":[{"href":"https:\/\/shop.kosovotwopointzero.com\/sq\/wp-json\/wp\/v2\/types\/product"}],"wp:featuredmedia":[{"embeddable":true,"href":"https:\/\/shop.kosovotwopointzero.com\/sq\/wp-json\/wp\/v2\/media\/1874"}],"wp:attachment":[{"href":"https:\/\/shop.kosovotwopointzero.com\/sq\/wp-json\/wp\/v2\/media?parent=1872"}],"wp:term":[{"taxonomy":"product_brand","embeddable":true,"href":"https:\/\/shop.kosovotwopointzero.com\/sq\/wp-json\/wp\/v2\/product_brand?post=1872"},{"taxonomy":"product_cat","embeddable":true,"href":"https:\/\/shop.kosovotwopointzero.com\/sq\/wp-json\/wp\/v2\/product_cat?post=1872"},{"taxonomy":"product_tag","embeddable":true,"href":"https:\/\/shop.kosovotwopointzero.com\/sq\/wp-json\/wp\/v2\/product_tag?post=1872"}],"curies":[{"name":"wp","href":"https:\/\/api.w.org\/{rel}","templated":true}]}}