{"id":1865,"date":"2026-01-23T12:34:59","date_gmt":"2026-01-23T12:34:59","guid":{"rendered":"https:\/\/shop.kosovotwopointzero.com\/?post_type=product&#038;p=1865"},"modified":"2026-02-04T14:20:38","modified_gmt":"2026-02-04T14:20:38","slug":"fragmente-te-jetuara","status":"publish","type":"product","link":"https:\/\/shop.kosovotwopointzero.com\/sq\/shop\/revistat-dhe-publikimet\/fragmente-te-jetuara\/","title":{"rendered":"Fragmente t\u00eb jetuara"},"content":{"rendered":"","protected":false},"excerpt":{"rendered":"<p>\u201cFragmente t\u00eb Jetuara\u201d \u00ebsht\u00eb p\u00ebrmbledhje rr\u00ebfimesh t\u00eb botuara online nga K2.0 mes viteve 2010 dhe 2025. P\u00ebr ta sh\u00ebnuar p\u00ebrvjetorin e pes\u00ebmb\u00ebdhjet\u00eb t\u00eb K2.0, ky botim paraqet nj\u00eb gam\u00eb t\u00eb gjer\u00eb rr\u00ebfimesh, p\u00ebrfshir\u00eb blogun e par\u00eb t\u00eb botuar n\u00ebn emrin e K2.0. P\u00ebrmbledhja p\u00ebrmban rr\u00ebfime n\u00eb vet\u00ebn e par\u00eb dhe dokumentar\u00eb n\u00eb vet\u00ebn e tret\u00eb \u2013 rr\u00ebfime migrimi dhe kthimi, identiteti dhe ndarjeje, humbjeje, humori, kund\u00ebrth\u00ebniesh, solidariteti dhe sfide.<\/p>\n<p><strong>Viti:<\/strong> 2025<br \/>\n<strong>Kopertina:<\/strong> Paperback<br \/>\n<strong>Dimensionet:<\/strong> 30 x 23 cm<br \/>\n<strong>ISBN:<\/strong> 978-9951-9235-0-7<br \/>\n<strong>Gjuha:<\/strong> Shqip &amp; Anglisht<\/p>\n","protected":false},"featured_media":1866,"template":"","meta":{"_acf_changed":false},"product_brand":[],"product_cat":[43],"product_tag":[],"class_list":{"0":"post-1865","1":"product","2":"type-product","3":"status-publish","4":"has-post-thumbnail","6":"product_cat-revistat-dhe-publikimet","8":"first","9":"instock","10":"shipping-taxable","11":"product-type-simple"},"acf":[],"_links":{"self":[{"href":"https:\/\/shop.kosovotwopointzero.com\/sq\/wp-json\/wp\/v2\/product\/1865","targetHints":{"allow":["GET"]}}],"collection":[{"href":"https:\/\/shop.kosovotwopointzero.com\/sq\/wp-json\/wp\/v2\/product"}],"about":[{"href":"https:\/\/shop.kosovotwopointzero.com\/sq\/wp-json\/wp\/v2\/types\/product"}],"wp:featuredmedia":[{"embeddable":true,"href":"https:\/\/shop.kosovotwopointzero.com\/sq\/wp-json\/wp\/v2\/media\/1866"}],"wp:attachment":[{"href":"https:\/\/shop.kosovotwopointzero.com\/sq\/wp-json\/wp\/v2\/media?parent=1865"}],"wp:term":[{"taxonomy":"product_brand","embeddable":true,"href":"https:\/\/shop.kosovotwopointzero.com\/sq\/wp-json\/wp\/v2\/product_brand?post=1865"},{"taxonomy":"product_cat","embeddable":true,"href":"https:\/\/shop.kosovotwopointzero.com\/sq\/wp-json\/wp\/v2\/product_cat?post=1865"},{"taxonomy":"product_tag","embeddable":true,"href":"https:\/\/shop.kosovotwopointzero.com\/sq\/wp-json\/wp\/v2\/product_tag?post=1865"}],"curies":[{"name":"wp","href":"https:\/\/api.w.org\/{rel}","templated":true}]}}