{"id":1744,"date":"2025-10-06T08:50:24","date_gmt":"2025-10-06T08:50:24","guid":{"rendered":"https:\/\/shop.kosovotwopointzero.com\/shop\/uncategorized\/to-give-a-squat-black\/"},"modified":"2026-01-26T14:50:09","modified_gmt":"2026-01-26T14:50:09","slug":"bluze-e-zeze-to-give-a-squat","status":"publish","type":"product","link":"https:\/\/shop.kosovotwopointzero.com\/sq\/shop\/veshje-aksesore\/bluze-e-zeze-to-give-a-squat\/","title":{"rendered":"Bluz\u00eb e zez\u00eb \u201cTo Give a Squat\u201d"},"content":{"rendered":"","protected":false},"excerpt":{"rendered":"<p>Bluz\u00eb e Kosovo 2.0 e punuar me nj\u00eb dizajn origjinal. E dizajnuar p\u00ebr p\u00ebrditshm\u00ebri dhe rehati.<\/p>\n<p><strong>Materiali:<\/strong> 100% pambuk.<\/p>\n","protected":false},"featured_media":1746,"template":"","meta":{"_acf_changed":false},"product_brand":[],"product_cat":[41],"product_tag":[],"class_list":{"0":"post-1744","1":"product","2":"type-product","3":"status-publish","4":"has-post-thumbnail","6":"product_cat-veshje-aksesore","8":"first","9":"instock","10":"shipping-taxable","11":"purchasable","12":"product-type-variable"},"acf":[],"_links":{"self":[{"href":"https:\/\/shop.kosovotwopointzero.com\/sq\/wp-json\/wp\/v2\/product\/1744","targetHints":{"allow":["GET"]}}],"collection":[{"href":"https:\/\/shop.kosovotwopointzero.com\/sq\/wp-json\/wp\/v2\/product"}],"about":[{"href":"https:\/\/shop.kosovotwopointzero.com\/sq\/wp-json\/wp\/v2\/types\/product"}],"wp:featuredmedia":[{"embeddable":true,"href":"https:\/\/shop.kosovotwopointzero.com\/sq\/wp-json\/wp\/v2\/media\/1746"}],"wp:attachment":[{"href":"https:\/\/shop.kosovotwopointzero.com\/sq\/wp-json\/wp\/v2\/media?parent=1744"}],"wp:term":[{"taxonomy":"product_brand","embeddable":true,"href":"https:\/\/shop.kosovotwopointzero.com\/sq\/wp-json\/wp\/v2\/product_brand?post=1744"},{"taxonomy":"product_cat","embeddable":true,"href":"https:\/\/shop.kosovotwopointzero.com\/sq\/wp-json\/wp\/v2\/product_cat?post=1744"},{"taxonomy":"product_tag","embeddable":true,"href":"https:\/\/shop.kosovotwopointzero.com\/sq\/wp-json\/wp\/v2\/product_tag?post=1744"}],"curies":[{"name":"wp","href":"https:\/\/api.w.org\/{rel}","templated":true}]}}