{"id":1720,"date":"2025-10-06T08:50:27","date_gmt":"2025-10-06T08:50:27","guid":{"rendered":"https:\/\/shop.kosovotwopointzero.com\/shop\/uncategorized\/proud-shaci-white-t-shirt\/"},"modified":"2026-01-26T14:05:46","modified_gmt":"2026-01-26T14:05:46","slug":"bluze-e-bardhe-proud-shaci","status":"publish","type":"product","link":"https:\/\/shop.kosovotwopointzero.com\/sq\/shop\/te-reja-ne-stok\/bluze-e-bardhe-proud-shaci\/","title":{"rendered":"Bluz\u00eb e bardh\u00eb \u201cProud Shaci\u201d"},"content":{"rendered":"","protected":false},"excerpt":{"rendered":"<p>Bluz\u00eb e Kosovo 2.0 e punuar me nj\u00eb dizajn origjinal. E dizajnuar p\u00ebr p\u00ebrditshm\u00ebri dhe rehati.<\/p>\n<p><strong>Materiali:<\/strong> 100% pambuk.<\/p>\n","protected":false},"featured_media":1722,"template":"","meta":{"_acf_changed":false},"product_brand":[],"product_cat":[35,41],"product_tag":[],"class_list":{"0":"post-1720","1":"product","2":"type-product","3":"status-publish","4":"has-post-thumbnail","6":"product_cat-te-reja-ne-stok","7":"product_cat-veshje-aksesore","9":"first","10":"instock","11":"shipping-taxable","12":"purchasable","13":"product-type-variable"},"acf":[],"_links":{"self":[{"href":"https:\/\/shop.kosovotwopointzero.com\/sq\/wp-json\/wp\/v2\/product\/1720","targetHints":{"allow":["GET"]}}],"collection":[{"href":"https:\/\/shop.kosovotwopointzero.com\/sq\/wp-json\/wp\/v2\/product"}],"about":[{"href":"https:\/\/shop.kosovotwopointzero.com\/sq\/wp-json\/wp\/v2\/types\/product"}],"wp:featuredmedia":[{"embeddable":true,"href":"https:\/\/shop.kosovotwopointzero.com\/sq\/wp-json\/wp\/v2\/media\/1722"}],"wp:attachment":[{"href":"https:\/\/shop.kosovotwopointzero.com\/sq\/wp-json\/wp\/v2\/media?parent=1720"}],"wp:term":[{"taxonomy":"product_brand","embeddable":true,"href":"https:\/\/shop.kosovotwopointzero.com\/sq\/wp-json\/wp\/v2\/product_brand?post=1720"},{"taxonomy":"product_cat","embeddable":true,"href":"https:\/\/shop.kosovotwopointzero.com\/sq\/wp-json\/wp\/v2\/product_cat?post=1720"},{"taxonomy":"product_tag","embeddable":true,"href":"https:\/\/shop.kosovotwopointzero.com\/sq\/wp-json\/wp\/v2\/product_tag?post=1720"}],"curies":[{"name":"wp","href":"https:\/\/api.w.org\/{rel}","templated":true}]}}