{"id":1484,"date":"2025-10-06T08:50:31","date_gmt":"2025-10-06T08:50:31","guid":{"rendered":"https:\/\/shop.kosovotwopointzero.com\/shop\/uncategorized\/nepotik-4-foto-rasti\/"},"modified":"2026-01-17T21:01:13","modified_gmt":"2026-01-17T21:01:13","slug":"nepotik-4-foto-rasti","status":"publish","type":"product","link":"https:\/\/shop.kosovotwopointzero.com\/sq\/shop\/me-shume-publikime\/fotografi\/nepotik-4-foto-rasti\/","title":{"rendered":"Nepotik 4 [ foto rasti ]"},"content":{"rendered":"","protected":false},"excerpt":{"rendered":"<p>\u201cNepotik 4 [foto rasti]\u201d \u00ebsht\u00eb nj\u00eb ditar vizual q\u00eb bashkon artist\u00eb t\u00eb rinj dhe t\u00eb njohur p\u00ebrmes fotografis\u00eb analoge. Fotografit\u00eb ndjekin jet\u00ebn e p\u00ebrditshme t\u00eb pjes\u00ebmarr\u00ebsve p\u00ebr disa jav\u00eb dhe jan\u00eb zhvilluar kolektivisht p\u00ebrmes proceseve n\u00eb dhom\u00ebn e err\u00ebt.<\/p>\n<p><strong>Redaktor:<\/strong> Olsi Hoxha<br \/>\n<strong>Kopertina:<\/strong> Hardcover<br \/>\n<strong>Viti:<\/strong> N\u00ebntor 2022<br \/>\n<strong>Gjuha:<\/strong> Botim i p\u00ebrbashk\u00ebt n\u00eb shqip dhe anglisht<br \/>\n<strong>ISBN:<\/strong> 978-9928-369-06-2<br \/>\n<strong>Dimensionet:<\/strong> 16 x 24 cm<br \/>\n<strong>Faqet:<\/strong> 128<\/p>\n","protected":false},"featured_media":1486,"template":"","meta":{"_acf_changed":false},"product_brand":[],"product_cat":[77,61],"product_tag":[],"class_list":{"0":"post-1484","1":"product","2":"type-product","3":"status-publish","4":"has-post-thumbnail","6":"product_cat-fotografi","7":"product_cat-me-shume-publikime","9":"first","10":"instock","11":"shipping-taxable","12":"purchasable","13":"product-type-simple"},"acf":[],"_links":{"self":[{"href":"https:\/\/shop.kosovotwopointzero.com\/sq\/wp-json\/wp\/v2\/product\/1484","targetHints":{"allow":["GET"]}}],"collection":[{"href":"https:\/\/shop.kosovotwopointzero.com\/sq\/wp-json\/wp\/v2\/product"}],"about":[{"href":"https:\/\/shop.kosovotwopointzero.com\/sq\/wp-json\/wp\/v2\/types\/product"}],"wp:featuredmedia":[{"embeddable":true,"href":"https:\/\/shop.kosovotwopointzero.com\/sq\/wp-json\/wp\/v2\/media\/1486"}],"wp:attachment":[{"href":"https:\/\/shop.kosovotwopointzero.com\/sq\/wp-json\/wp\/v2\/media?parent=1484"}],"wp:term":[{"taxonomy":"product_brand","embeddable":true,"href":"https:\/\/shop.kosovotwopointzero.com\/sq\/wp-json\/wp\/v2\/product_brand?post=1484"},{"taxonomy":"product_cat","embeddable":true,"href":"https:\/\/shop.kosovotwopointzero.com\/sq\/wp-json\/wp\/v2\/product_cat?post=1484"},{"taxonomy":"product_tag","embeddable":true,"href":"https:\/\/shop.kosovotwopointzero.com\/sq\/wp-json\/wp\/v2\/product_tag?post=1484"}],"curies":[{"name":"wp","href":"https:\/\/api.w.org\/{rel}","templated":true}]}}