{"id":1467,"date":"2025-10-06T08:50:31","date_gmt":"2025-10-06T08:50:31","guid":{"rendered":"https:\/\/shop.kosovotwopointzero.com\/shop\/uncategorized\/nepotik-3-inside-outside\/"},"modified":"2026-01-17T20:52:22","modified_gmt":"2026-01-17T20:52:22","slug":"nepotik-3-inside-outside","status":"publish","type":"product","link":"https:\/\/shop.kosovotwopointzero.com\/sq\/shop\/me-shume-publikime\/fotografi\/nepotik-3-inside-outside\/","title":{"rendered":"Nepotik 3 [ inside \/ outside ]"},"content":{"rendered":"","protected":false},"excerpt":{"rendered":"<p>Botuar n\u00eb Tiran\u00eb, \u201cNepotik 3 [ inside \/ outside ]\u201d p\u00ebrfshin\u00eb pun\u00ebn e 45 artist\u00ebve. Botimi \u00ebsht\u00eb vizual n\u00eb pamje, si nj\u00eb revist\u00eb dhe n\u00eb p\u00ebrmbajtje, si nj\u00eb lib\u00ebr, duke refuzuar t\u2019i respektoj\u00eb rregullat e ndonj\u00eb gjinie.<\/p>\n<p><strong>Redaktor:<\/strong> Olsi Hoxha<br \/>\n<strong>Kopertina:<\/strong> Hardcover<br \/>\n<strong>Viti:<\/strong> Mars 2022<br \/>\n<strong>Gjuha:<\/strong> Botim i p\u00ebrbashk\u00ebt n\u00eb shqip dhe anglisht<br \/>\n<strong>ISBN:<\/strong> 978-9928-369-02-4<br \/>\n<strong>Dimensionet:<\/strong> 16 x 24 cm<br \/>\n<strong>Faqet:<\/strong> 340<\/p>\n","protected":false},"featured_media":1469,"template":"","meta":{"_acf_changed":false},"product_brand":[],"product_cat":[77,61],"product_tag":[],"class_list":{"0":"post-1467","1":"product","2":"type-product","3":"status-publish","4":"has-post-thumbnail","6":"product_cat-fotografi","7":"product_cat-me-shume-publikime","9":"first","10":"instock","11":"shipping-taxable","12":"purchasable","13":"product-type-simple"},"acf":[],"_links":{"self":[{"href":"https:\/\/shop.kosovotwopointzero.com\/sq\/wp-json\/wp\/v2\/product\/1467","targetHints":{"allow":["GET"]}}],"collection":[{"href":"https:\/\/shop.kosovotwopointzero.com\/sq\/wp-json\/wp\/v2\/product"}],"about":[{"href":"https:\/\/shop.kosovotwopointzero.com\/sq\/wp-json\/wp\/v2\/types\/product"}],"wp:featuredmedia":[{"embeddable":true,"href":"https:\/\/shop.kosovotwopointzero.com\/sq\/wp-json\/wp\/v2\/media\/1469"}],"wp:attachment":[{"href":"https:\/\/shop.kosovotwopointzero.com\/sq\/wp-json\/wp\/v2\/media?parent=1467"}],"wp:term":[{"taxonomy":"product_brand","embeddable":true,"href":"https:\/\/shop.kosovotwopointzero.com\/sq\/wp-json\/wp\/v2\/product_brand?post=1467"},{"taxonomy":"product_cat","embeddable":true,"href":"https:\/\/shop.kosovotwopointzero.com\/sq\/wp-json\/wp\/v2\/product_cat?post=1467"},{"taxonomy":"product_tag","embeddable":true,"href":"https:\/\/shop.kosovotwopointzero.com\/sq\/wp-json\/wp\/v2\/product_tag?post=1467"}],"curies":[{"name":"wp","href":"https:\/\/api.w.org\/{rel}","templated":true}]}}