{"id":1354,"date":"2025-10-06T08:50:32","date_gmt":"2025-10-06T08:50:32","guid":{"rendered":"https:\/\/shop.kosovotwopointzero.com\/?post_type=product&#038;p=1354"},"modified":"2026-02-04T15:22:46","modified_gmt":"2026-02-04T15:22:46","slug":"historia-e-muzikes-rock-n-roll-ne-kosove-vitet-60","status":"publish","type":"product","link":"https:\/\/shop.kosovotwopointzero.com\/sq\/shop\/me-shume-publikime\/muzike\/historia-e-muzikes-rock-n-roll-ne-kosove-vitet-60\/","title":{"rendered":"Historia e muzik\u00ebs Rock \u2018n\u2019 Roll n\u00eb Kosov\u00eb &#8211; Vitet \u201860"},"content":{"rendered":"","protected":false},"excerpt":{"rendered":"<p>\u201cHistoria e muzik\u00ebs Rock \u2018n\u2019 Roll n\u00eb Kosov\u00eb &#8211; Vitet \u201860\u201d ndjek shfaqjen e grupeve t\u00eb para t\u00eb zhanrit rock n\u00eb Kosov\u00eb dhe sfidat q\u00eb p\u00ebrballuan artist\u00ebt n\u00eb nj\u00eb shoq\u00ebri me kufizime politike t\u00eb ashpra. Ofron nj\u00eb analiz\u00eb historike dhe kulturore t\u00eb evolucionit t\u00eb rock &#8216;n&#8217; roll-it n\u00eb Kosov\u00eb gjat\u00eb viteve t\u00eb \u201860-a. Libri p\u00ebrfshin intervista, fotografi arkivore dhe analiz\u00eb t\u00eb holl\u00ebsishme t\u00eb k\u00ebng\u00ebve dhe grupeve q\u00eb sh\u00ebnuan k\u00ebt\u00eb periudh\u00eb.<\/p>\n<p><strong>Gjuha:<\/strong> Anglisht \/ Shqip<br \/>\n<strong>Viti:<\/strong> 2025<br \/>\n<strong>Dimensionet:<\/strong> 24 cm<br \/>\n<strong>Faqet:<\/strong> 132<br \/>\n<strong>Kopertina:<\/strong> Hardcover<br \/>\n<strong>ISBN:<\/strong> 9789951905053<br \/>\n<strong>Botuesi:<\/strong> Defy Them<\/p>\n","protected":false},"featured_media":2069,"template":"","meta":{"_acf_changed":false},"product_brand":[],"product_cat":[75,35,61],"product_tag":[],"class_list":{"0":"post-1354","1":"product","2":"type-product","3":"status-publish","4":"has-post-thumbnail","6":"product_cat-muzike","7":"product_cat-te-reja-ne-stok","8":"product_cat-me-shume-publikime","10":"first","11":"instock","12":"shipping-taxable","13":"purchasable","14":"product-type-simple"},"acf":[],"_links":{"self":[{"href":"https:\/\/shop.kosovotwopointzero.com\/sq\/wp-json\/wp\/v2\/product\/1354","targetHints":{"allow":["GET"]}}],"collection":[{"href":"https:\/\/shop.kosovotwopointzero.com\/sq\/wp-json\/wp\/v2\/product"}],"about":[{"href":"https:\/\/shop.kosovotwopointzero.com\/sq\/wp-json\/wp\/v2\/types\/product"}],"wp:featuredmedia":[{"embeddable":true,"href":"https:\/\/shop.kosovotwopointzero.com\/sq\/wp-json\/wp\/v2\/media\/2069"}],"wp:attachment":[{"href":"https:\/\/shop.kosovotwopointzero.com\/sq\/wp-json\/wp\/v2\/media?parent=1354"}],"wp:term":[{"taxonomy":"product_brand","embeddable":true,"href":"https:\/\/shop.kosovotwopointzero.com\/sq\/wp-json\/wp\/v2\/product_brand?post=1354"},{"taxonomy":"product_cat","embeddable":true,"href":"https:\/\/shop.kosovotwopointzero.com\/sq\/wp-json\/wp\/v2\/product_cat?post=1354"},{"taxonomy":"product_tag","embeddable":true,"href":"https:\/\/shop.kosovotwopointzero.com\/sq\/wp-json\/wp\/v2\/product_tag?post=1354"}],"curies":[{"name":"wp","href":"https:\/\/api.w.org\/{rel}","templated":true}]}}