{"id":1329,"date":"2025-10-06T08:50:30","date_gmt":"2025-10-06T08:50:30","guid":{"rendered":"https:\/\/shop.kosovotwopointzero.com\/shop\/uncategorized\/the-marketplace-of-art\/"},"modified":"2026-01-19T14:57:55","modified_gmt":"2026-01-19T14:57:55","slug":"the-marketplace-of-art","status":"publish","type":"product","link":"https:\/\/shop.kosovotwopointzero.com\/sq\/shop\/me-shume-publikime\/art-vizual\/the-marketplace-of-art\/","title":{"rendered":"The Marketplace of Art"},"content":{"rendered":"","protected":false},"excerpt":{"rendered":"<p>\u201cThe Marketplace of Art\u201d i Karel Teige \u00ebsht\u00eb tashm\u00eb n\u00eb dispozicion n\u00eb p\u00ebrkthimin e saj t\u00eb par\u00eb n\u00eb anglisht. Fillimisht i botuar n\u00eb gjuhen \u00e7eke n\u00eb vitin 1936, ky punim prezantohet nga \u201cRabRab Press\u201d n\u00eb dy v\u00ebllime dhe p\u00ebrfshin nj\u00eb hyrje kritike dhe komente nga nj\u00eb gam\u00eb e gjer\u00eb kontribuesish. Redaktuar dhe prezantuar nga Sezgin Boynik dhe Joseph Grim Feinberg, \u201cThe Marketplace of Art\u201d \u00ebsht\u00eb p\u00ebrgjigje ndaj kapitullimit t\u00eb artit ndaj rrjedhave fashiste dhe staliniste, shkruar n\u00eb kontekstin e rritjes s\u00eb nj\u00eb kulture konservatore t\u00eb djatht\u00eb dhe gjat\u00eb debateve intensive mes artist\u00ebve avangard\u00eb dhe Partis\u00eb Komuniste.<\/p>\n<p><strong>Autor\u00eb<\/strong>: Karel Teige, Zbyn\u011bk Baladr\u00e1n, Dave Beech, Jana Ndiaye Berankova, Michel Chevalier, Esther Leslie, John Roberts, Paul Wood, Franti\u0161ek Dryje, Tom\u00e1\u0161 H\u0159\u00edbek, Rea Michalov\u00e1, \u0160imon Sv\u011br\u00e1k dhe Roman Telerovsk\u00fd<br \/>\n<strong>Kop\u00ebrtina<\/strong>: Paperback<br \/>\n<strong>ISBN<\/strong>: 97895269389-8-1<br \/>\n<strong>Viti<\/strong>: Tetor 2022<br \/>\n<strong>Dimensionet<\/strong>: 20.8 x 12.3 cm<br \/>\n<strong>Faqet:<\/strong> dy v\u00ebllime, 72 + 136<br \/>\n<strong>Botuesi:<\/strong> RabRab Press dhe Contradictions\/Kontradikce Journal<\/p>\n","protected":false},"featured_media":1331,"template":"","meta":{"_acf_changed":false},"product_brand":[],"product_cat":[73,61],"product_tag":[],"class_list":{"0":"post-1329","1":"product","2":"type-product","3":"status-publish","4":"has-post-thumbnail","6":"product_cat-art-vizual","7":"product_cat-me-shume-publikime","9":"first","10":"instock","11":"shipping-taxable","12":"purchasable","13":"product-type-simple"},"acf":[],"_links":{"self":[{"href":"https:\/\/shop.kosovotwopointzero.com\/sq\/wp-json\/wp\/v2\/product\/1329","targetHints":{"allow":["GET"]}}],"collection":[{"href":"https:\/\/shop.kosovotwopointzero.com\/sq\/wp-json\/wp\/v2\/product"}],"about":[{"href":"https:\/\/shop.kosovotwopointzero.com\/sq\/wp-json\/wp\/v2\/types\/product"}],"wp:featuredmedia":[{"embeddable":true,"href":"https:\/\/shop.kosovotwopointzero.com\/sq\/wp-json\/wp\/v2\/media\/1331"}],"wp:attachment":[{"href":"https:\/\/shop.kosovotwopointzero.com\/sq\/wp-json\/wp\/v2\/media?parent=1329"}],"wp:term":[{"taxonomy":"product_brand","embeddable":true,"href":"https:\/\/shop.kosovotwopointzero.com\/sq\/wp-json\/wp\/v2\/product_brand?post=1329"},{"taxonomy":"product_cat","embeddable":true,"href":"https:\/\/shop.kosovotwopointzero.com\/sq\/wp-json\/wp\/v2\/product_cat?post=1329"},{"taxonomy":"product_tag","embeddable":true,"href":"https:\/\/shop.kosovotwopointzero.com\/sq\/wp-json\/wp\/v2\/product_tag?post=1329"}],"curies":[{"name":"wp","href":"https:\/\/api.w.org\/{rel}","templated":true}]}}