{"id":1285,"date":"2025-10-06T08:50:32","date_gmt":"2025-10-06T08:50:32","guid":{"rendered":"https:\/\/shop.kosovotwopointzero.com\/shop\/uncategorized\/this-is-a-mirror\/"},"modified":"2026-01-19T15:18:34","modified_gmt":"2026-01-19T15:18:34","slug":"this-is-a-mirror","status":"publish","type":"product","link":"https:\/\/shop.kosovotwopointzero.com\/sq\/shop\/me-shume-publikime\/tjeter\/this-is-a-mirror\/","title":{"rendered":"This is a mirror"},"content":{"rendered":"","protected":false},"excerpt":{"rendered":"<p>\u201cThis is a Mirror\u201d nga Likana Cana \u00ebsht\u00eb nj\u00eb koleksion poezish udh\u00ebzuese q\u00eb k\u00ebrkojn\u00eb pjes\u00ebmarrjen aktive t\u00eb lexuesit. E frym\u00ebzuar nga l\u00ebvizja \u201cFluxus\u201d, libri fokusohet n\u00eb procesin kreativ m\u00eb shum\u00eb sesa n\u00eb rezultatet e tij. M\u00eb shum\u00eb se nj\u00eb homazh ndaj Yoko Ono\u2019s Grapefruit, libri shtjellon m\u00ebnyra t\u00eb ndryshme se si mund t\u00eb lidhemi m\u00eb mir\u00eb me veten, duke kthyer artin n\u00eb nj\u00eb sh\u00ebrbim t\u00eb kujdesit dhe shpres\u00ebs.<\/p>\n<p><strong>Kopertina:<\/strong> Softcover<br \/>\n<strong>Viti:<\/strong> 2024<br \/>\n<strong>Dimensione<\/strong>t: 13.5 x 14 cm<br \/>\n<strong>ISBN:<\/strong> 978-9951-9025-2-6<br \/>\n<strong>Botuesi:<\/strong> Artro Books<\/p>\n","protected":false},"featured_media":1824,"template":"","meta":{"_acf_changed":false},"product_brand":[],"product_cat":[35,61,68],"product_tag":[],"class_list":{"0":"post-1285","1":"product","2":"type-product","3":"status-publish","4":"has-post-thumbnail","6":"product_cat-te-reja-ne-stok","7":"product_cat-me-shume-publikime","8":"product_cat-tjeter","10":"first","11":"instock","12":"shipping-taxable","13":"purchasable","14":"product-type-simple"},"acf":[],"_links":{"self":[{"href":"https:\/\/shop.kosovotwopointzero.com\/sq\/wp-json\/wp\/v2\/product\/1285","targetHints":{"allow":["GET"]}}],"collection":[{"href":"https:\/\/shop.kosovotwopointzero.com\/sq\/wp-json\/wp\/v2\/product"}],"about":[{"href":"https:\/\/shop.kosovotwopointzero.com\/sq\/wp-json\/wp\/v2\/types\/product"}],"wp:featuredmedia":[{"embeddable":true,"href":"https:\/\/shop.kosovotwopointzero.com\/sq\/wp-json\/wp\/v2\/media\/1824"}],"wp:attachment":[{"href":"https:\/\/shop.kosovotwopointzero.com\/sq\/wp-json\/wp\/v2\/media?parent=1285"}],"wp:term":[{"taxonomy":"product_brand","embeddable":true,"href":"https:\/\/shop.kosovotwopointzero.com\/sq\/wp-json\/wp\/v2\/product_brand?post=1285"},{"taxonomy":"product_cat","embeddable":true,"href":"https:\/\/shop.kosovotwopointzero.com\/sq\/wp-json\/wp\/v2\/product_cat?post=1285"},{"taxonomy":"product_tag","embeddable":true,"href":"https:\/\/shop.kosovotwopointzero.com\/sq\/wp-json\/wp\/v2\/product_tag?post=1285"}],"curies":[{"name":"wp","href":"https:\/\/api.w.org\/{rel}","templated":true}]}}