{"id":1273,"date":"2025-10-06T08:50:31","date_gmt":"2025-10-06T08:50:31","guid":{"rendered":"https:\/\/shop.kosovotwopointzero.com\/shop\/uncategorized\/fuck-off\/"},"modified":"2026-01-17T19:51:31","modified_gmt":"2026-01-17T19:51:31","slug":"fuck-off","status":"publish","type":"product","link":"https:\/\/shop.kosovotwopointzero.com\/sq\/shop\/me-shume-publikime\/art-vizual\/fuck-off\/","title":{"rendered":"Fuck Off"},"content":{"rendered":"","protected":false},"excerpt":{"rendered":"<p>\u201cFuck Off\u201d nga artisti me baz\u00eb n\u00eb Shqip\u00ebri, Olson Lamaj, \u00ebsht\u00eb nj\u00eb zine me fotografi, e publikuar nga \u201cPararoja\u201d, nj\u00eb sht\u00ebpi botuese e pavarur e themeluar n\u00eb vitin 2020. Botimi \u00ebsht\u00eb pjes\u00eb e nj\u00eb projekti q\u00eb shtjellon mund\u00ebsit\u00eb redaktoriale alternative t\u00eb ofruara nga librat e artit, fanzinet, posterat dhe materialet e tjera t\u00eb prodhuara vet\u00eb. \u00c7do zin\u00eb nga \u201cPararoja\u201d shtypet n\u00eb tirazhe t\u00eb kufizuara si fotokopje bardh e zi dhe fokusohet n\u00eb hulumtimin e nj\u00eb artisti\/eje bashk\u00ebkohor\/e.<\/p>\n<p><strong>Kope<\/strong><strong>rtina:<\/strong> Paperback<br \/>\n<strong>Dimensionet:<\/strong> 24 cm<br \/>\n<strong>Botuesi:<\/strong> Pararoja<\/p>\n","protected":false},"featured_media":1275,"template":"","meta":{"_acf_changed":false},"product_brand":[],"product_cat":[73,61],"product_tag":[],"class_list":{"0":"post-1273","1":"product","2":"type-product","3":"status-publish","4":"has-post-thumbnail","6":"product_cat-art-vizual","7":"product_cat-me-shume-publikime","9":"first","10":"instock","11":"shipping-taxable","12":"purchasable","13":"product-type-simple"},"acf":[],"_links":{"self":[{"href":"https:\/\/shop.kosovotwopointzero.com\/sq\/wp-json\/wp\/v2\/product\/1273","targetHints":{"allow":["GET"]}}],"collection":[{"href":"https:\/\/shop.kosovotwopointzero.com\/sq\/wp-json\/wp\/v2\/product"}],"about":[{"href":"https:\/\/shop.kosovotwopointzero.com\/sq\/wp-json\/wp\/v2\/types\/product"}],"wp:featuredmedia":[{"embeddable":true,"href":"https:\/\/shop.kosovotwopointzero.com\/sq\/wp-json\/wp\/v2\/media\/1275"}],"wp:attachment":[{"href":"https:\/\/shop.kosovotwopointzero.com\/sq\/wp-json\/wp\/v2\/media?parent=1273"}],"wp:term":[{"taxonomy":"product_brand","embeddable":true,"href":"https:\/\/shop.kosovotwopointzero.com\/sq\/wp-json\/wp\/v2\/product_brand?post=1273"},{"taxonomy":"product_cat","embeddable":true,"href":"https:\/\/shop.kosovotwopointzero.com\/sq\/wp-json\/wp\/v2\/product_cat?post=1273"},{"taxonomy":"product_tag","embeddable":true,"href":"https:\/\/shop.kosovotwopointzero.com\/sq\/wp-json\/wp\/v2\/product_tag?post=1273"}],"curies":[{"name":"wp","href":"https:\/\/api.w.org\/{rel}","templated":true}]}}