{"id":1216,"date":"2025-10-06T08:50:32","date_gmt":"2025-10-06T08:50:32","guid":{"rendered":"https:\/\/shop.kosovotwopointzero.com\/shop\/uncategorized\/flirting-with-leftovers\/"},"modified":"2026-01-19T14:26:57","modified_gmt":"2026-01-19T14:26:57","slug":"flirting-with-leftovers","status":"publish","type":"product","link":"https:\/\/shop.kosovotwopointzero.com\/sq\/shop\/me-shume-publikime\/art-vizual\/flirting-with-leftovers\/","title":{"rendered":"Flirting with Leftovers"},"content":{"rendered":"","protected":false},"excerpt":{"rendered":"<p>Libri i artit \u201cFlirting With Leftovers\u201d dokumenton nj\u00eb nd\u00ebrhyrje artistike q\u00eb u zhvillua m\u00eb 15 tetor 2019 n\u00eb restorantin Marsi n\u00eb lagjen \u201cKodra e Trimave\u201d, Prishtin\u00eb. P\u00ebrve\u00e7 dokumentimit t\u00eb nd\u00ebrhyrjes, libri ofron nj\u00eb analiz\u00eb t\u00eb plot\u00eb t\u00eb historis\u00eb s\u00eb nd\u00ebrtes\u00ebs, r\u00ebnd\u00ebsis\u00eb arkitekturore dhe kontekstit bashk\u00ebkohor. P\u00ebrfshin materiale nga k\u00ebrkimi n\u00eb terren dhe biseda me bashk\u00ebbiseduesit.<\/p>\n<p><strong>Gjuha:<\/strong> Anglisht<br \/>\n<strong>Viti:<\/strong> 2020<br \/>\n<strong>Dimensionet:<\/strong> 21 cm<br \/>\n<strong>Faqet:<\/strong> 164<br \/>\n<strong>Kopertina:<\/strong> Hardcover<br \/>\n<strong>ISBN:<\/strong> 9789951899901<\/p>\n","protected":false},"featured_media":1210,"template":"","meta":{"_acf_changed":false},"product_brand":[],"product_cat":[73,78,61],"product_tag":[],"class_list":{"0":"post-1216","1":"product","2":"type-product","3":"status-publish","4":"has-post-thumbnail","6":"product_cat-art-vizual","7":"product_cat-hapesira-publike","8":"product_cat-me-shume-publikime","10":"first","11":"instock","12":"shipping-taxable","13":"purchasable","14":"product-type-simple"},"acf":[],"_links":{"self":[{"href":"https:\/\/shop.kosovotwopointzero.com\/sq\/wp-json\/wp\/v2\/product\/1216","targetHints":{"allow":["GET"]}}],"collection":[{"href":"https:\/\/shop.kosovotwopointzero.com\/sq\/wp-json\/wp\/v2\/product"}],"about":[{"href":"https:\/\/shop.kosovotwopointzero.com\/sq\/wp-json\/wp\/v2\/types\/product"}],"wp:featuredmedia":[{"embeddable":true,"href":"https:\/\/shop.kosovotwopointzero.com\/sq\/wp-json\/wp\/v2\/media\/1210"}],"wp:attachment":[{"href":"https:\/\/shop.kosovotwopointzero.com\/sq\/wp-json\/wp\/v2\/media?parent=1216"}],"wp:term":[{"taxonomy":"product_brand","embeddable":true,"href":"https:\/\/shop.kosovotwopointzero.com\/sq\/wp-json\/wp\/v2\/product_brand?post=1216"},{"taxonomy":"product_cat","embeddable":true,"href":"https:\/\/shop.kosovotwopointzero.com\/sq\/wp-json\/wp\/v2\/product_cat?post=1216"},{"taxonomy":"product_tag","embeddable":true,"href":"https:\/\/shop.kosovotwopointzero.com\/sq\/wp-json\/wp\/v2\/product_tag?post=1216"}],"curies":[{"name":"wp","href":"https:\/\/api.w.org\/{rel}","templated":true}]}}