{"id":1152,"date":"2025-10-06T08:50:30","date_gmt":"2025-10-06T08:50:30","guid":{"rendered":"https:\/\/shop.kosovotwopointzero.com\/shop\/uncategorized\/bulezat-1\/"},"modified":"2026-01-19T12:11:10","modified_gmt":"2026-01-19T12:11:10","slug":"bulezat-1","status":"publish","type":"product","link":"https:\/\/shop.kosovotwopointzero.com\/sq\/shop\/me-shume-publikime\/filozofi\/bulezat-1\/","title":{"rendered":"Bul\u00ebzat 1"},"content":{"rendered":"","protected":false},"excerpt":{"rendered":"<p>Botimi i par\u00eb i \u201cBul\u00ebzat\u201d u prodhua gjat\u00eb pandemis\u00eb COVID-19, kur masat e distancimit social dhe izolimi ishin n\u00eb fuqi. P\u00ebrfshin p\u00ebrkthime n\u00eb shqip t\u00eb teksteve q\u00eb mbulojn\u00eb diskutime teorike n\u00eb fushat e artit, filozofis\u00eb dhe shkencave humane. Ky botim i par\u00eb p\u00ebrfshin veprat e p\u00ebrkthyera t\u00eb Alain Badiou, Jean Baudrillard, Gilles Deleuze dhe Michel Foucault, nd\u00ebr t\u00eb tjer\u00eb.<\/p>\n<p><strong>Autor\u00eb:<\/strong> Giorgio Agamben, Alain Badiou, Jean Baudrillard, Patrick Chamoiseau, Byung Chul-Han, Erri De Luca, Gilles Deleuze, Georges Didi-Huberman, Umberto Eco, Michel Foucault, \u00c9douard Glissant, Jean-Luc Nancy, Jacques Ranci\u00e8re dhe Simone Weil<br \/>\n<strong>P\u00ebrkthimi n\u00eb shqip:<\/strong> Ester Celami, Tea \u00c7uni, Lek M. Gjeloshi, Adrian Paci, Melisa Paci, Zef Paci dhe Iliaz Shehu<br \/>\n<strong>Redaktimi i tekstit:<\/strong> Azem Qazimi<br \/>\n<strong>Dizajn:<\/strong> Lek M. Gjeloshi<br \/>\n<strong>Viti:<\/strong> Shtator 2020<br \/>\n<strong>ISBN:<\/strong> 978-9928-334-00-8<\/p>\n","protected":false},"featured_media":1162,"template":"","meta":{"_acf_changed":false},"product_brand":[],"product_cat":[76,61],"product_tag":[],"class_list":{"0":"post-1152","1":"product","2":"type-product","3":"status-publish","4":"has-post-thumbnail","6":"product_cat-filozofi","7":"product_cat-me-shume-publikime","9":"first","10":"instock","11":"shipping-taxable","12":"purchasable","13":"product-type-simple"},"acf":[],"_links":{"self":[{"href":"https:\/\/shop.kosovotwopointzero.com\/sq\/wp-json\/wp\/v2\/product\/1152","targetHints":{"allow":["GET"]}}],"collection":[{"href":"https:\/\/shop.kosovotwopointzero.com\/sq\/wp-json\/wp\/v2\/product"}],"about":[{"href":"https:\/\/shop.kosovotwopointzero.com\/sq\/wp-json\/wp\/v2\/types\/product"}],"wp:featuredmedia":[{"embeddable":true,"href":"https:\/\/shop.kosovotwopointzero.com\/sq\/wp-json\/wp\/v2\/media\/1162"}],"wp:attachment":[{"href":"https:\/\/shop.kosovotwopointzero.com\/sq\/wp-json\/wp\/v2\/media?parent=1152"}],"wp:term":[{"taxonomy":"product_brand","embeddable":true,"href":"https:\/\/shop.kosovotwopointzero.com\/sq\/wp-json\/wp\/v2\/product_brand?post=1152"},{"taxonomy":"product_cat","embeddable":true,"href":"https:\/\/shop.kosovotwopointzero.com\/sq\/wp-json\/wp\/v2\/product_cat?post=1152"},{"taxonomy":"product_tag","embeddable":true,"href":"https:\/\/shop.kosovotwopointzero.com\/sq\/wp-json\/wp\/v2\/product_tag?post=1152"}],"curies":[{"name":"wp","href":"https:\/\/api.w.org\/{rel}","templated":true}]}}